{"id":2,"date":"2024-12-11T16:25:32","date_gmt":"2024-12-11T16:25:32","guid":{"rendered":"https:\/\/z-max.hu\/?page_id=2"},"modified":"2024-12-11T19:27:17","modified_gmt":"2024-12-11T19:27:17","slug":"sample-page","status":"publish","type":"page","link":"https:\/\/z-max.hu\/?page_id=2","title":{"rendered":"Ez itt az az oldal, ami az az oldal ami."},"content":{"rendered":"\n<p>Ezt itt az\u00e9rt helyezt\u00fck el, hogy meg tudja k\u00e9rdezni:<\/p>\n\n\n\n<blockquote class=\"wp-block-quote is-layout-flow wp-block-quote-is-layout-flow\">\n<p>Akarom k\u00e9rdezni, mi\u00e9rt is van itt most ez az oldal el\u0151ttem?<\/p>\n<\/blockquote>\n\n\n\n<p>&#8230;He! Sz\u00e1nd\u00e9kosan sehov\u00e1 vagy nem tudom, de <\/p>\n\n\n\n<blockquote class=\"wp-block-quote is-layout-flow wp-block-quote-is-layout-flow\">\n<p>A Z-Max Team Kft. 2010-ben sz\u00fcletett. \u00c9n Tus\u00e1n Yolt&#8217;n vagyok, \u00e9s nem relev\u00e1ns, hogy mikor sz\u00fclettem \ud83d\ude42 Budapesten, a XVI. ker\u00fcletben, Sashalmon, Gotham r\u00e9sz\u00e9n\u00e9l vagyunk, az \u0150rvezet\u0151 utc\u00e1ban, a 19 sz\u00e1m alatt.<\/p>\n<\/blockquote>\n\n\n\n<p>Mindig l\u00e9gy vid\u00e1m!<\/p>\n","protected":false},"excerpt":{"rendered":"<p>Ezt itt az\u00e9rt helyezt\u00fck el, hogy meg tudja k\u00e9rdezni: Akarom k\u00e9rdezni, mi\u00e9rt is van itt most ez az oldal el\u0151ttem? &#8230;He! Sz\u00e1nd\u00e9kosan sehov\u00e1 vagy nem tudom, de A Z-Max Team Kft. 2010-ben sz\u00fcletett. \u00c9n Tus\u00e1n Yolt&#8217;n vagyok, \u00e9s nem relev\u00e1ns, hogy mikor sz\u00fclettem \ud83d\ude42 Budapesten, a XVI. ker\u00fcletben, Sashalmon, Gotham r\u00e9sz\u00e9n\u00e9l vagyunk, az \u0150rvezet\u0151 utc\u00e1ban, [&hellip;]<\/p>\n","protected":false},"author":1,"featured_media":0,"parent":0,"menu_order":0,"comment_status":"closed","ping_status":"open","template":"","meta":{"footnotes":""},"class_list":["post-2","page","type-page","status-publish","hentry"],"_links":{"self":[{"href":"https:\/\/z-max.hu\/index.php?rest_route=\/wp\/v2\/pages\/2","targetHints":{"allow":["GET"]}}],"collection":[{"href":"https:\/\/z-max.hu\/index.php?rest_route=\/wp\/v2\/pages"}],"about":[{"href":"https:\/\/z-max.hu\/index.php?rest_route=\/wp\/v2\/types\/page"}],"author":[{"embeddable":true,"href":"https:\/\/z-max.hu\/index.php?rest_route=\/wp\/v2\/users\/1"}],"replies":[{"embeddable":true,"href":"https:\/\/z-max.hu\/index.php?rest_route=%2Fwp%2Fv2%2Fcomments&post=2"}],"version-history":[{"count":1,"href":"https:\/\/z-max.hu\/index.php?rest_route=\/wp\/v2\/pages\/2\/revisions"}],"predecessor-version":[{"id":35,"href":"https:\/\/z-max.hu\/index.php?rest_route=\/wp\/v2\/pages\/2\/revisions\/35"}],"wp:attachment":[{"href":"https:\/\/z-max.hu\/index.php?rest_route=%2Fwp%2Fv2%2Fmedia&parent=2"}],"curies":[{"name":"wp","href":"https:\/\/api.w.org\/{rel}","templated":true}]}}